{"id":35,"date":"2020-02-18T11:49:15","date_gmt":"2020-02-18T11:49:15","guid":{"rendered":"https:\/\/demo01.houzez.co\/?page_id=35"},"modified":"2024-05-23T10:14:00","modified_gmt":"2024-05-23T13:14:00","slug":"propiedades","status":"publish","type":"page","link":"https:\/\/pruebaagenciamarketing.com\/inmobiliaria\/propiedades\/","title":{"rendered":"Propiedades"},"content":{"rendered":"\t\t<div data-elementor-type=\"wp-page\" data-elementor-id=\"35\" class=\"elementor elementor-35\" data-elementor-post-type=\"page\">\n\t\t\t\t\t\t<section data-particle_enable=\"false\" data-particle-mobile-disabled=\"false\" class=\"elementor-section elementor-top-section elementor-element elementor-element-e7d8512 elementor-section-boxed elementor-section-height-default elementor-section-height-default\" data-id=\"e7d8512\" data-element_type=\"section\" data-e-type=\"section\">\n\t\t\t\t\t\t<div class=\"elementor-container elementor-column-gap-default\">\n\t\t\t\t\t<div class=\"elementor-column elementor-col-100 elementor-top-column elementor-element elementor-element-873a432\" data-id=\"873a432\" data-element_type=\"column\" data-e-type=\"column\">\n\t\t\t<div class=\"elementor-widget-wrap elementor-element-populated\">\n\t\t\t\t\t\t<section data-particle_enable=\"false\" data-particle-mobile-disabled=\"false\" class=\"elementor-section elementor-inner-section elementor-element elementor-element-374bf9a elementor-section-boxed elementor-section-height-default elementor-section-height-default\" data-id=\"374bf9a\" data-element_type=\"section\" data-e-type=\"section\">\n\t\t\t\t\t\t<div class=\"elementor-container elementor-column-gap-default\">\n\t\t\t\t\t\t<\/div>\n\t\t<\/section>\n\t\t\t\t<div class=\"elementor-element elementor-element-8829b36 eael-divider-center elementor-widget elementor-widget-eael-divider\" data-id=\"8829b36\" data-element_type=\"widget\" data-e-type=\"widget\" data-widget_type=\"eael-divider.default\">\n\t\t\t\t\t\t\t<div class=\"eael-divider-wrap divider-direction-horizontal\">\n\t\t\t\t\t\t\t<div class=\"divider-text-container\">\n\t\t\t\t\t<div class=\"divider-text-wrap\">\n\t\t\t\t\t\t\t\t\t\t\t\t\t<span class=\"divider-border-wrap divider-border-left\">\n\t\t\t\t\t\t\t\t<span class=\"divider-border\"><\/span>\n\t\t\t\t\t\t\t<\/span>\n\t\t\t\t\t\t\t\t\t\t\t\t<span class=\"eael-divider-content\">\n\t\t\t\t\t\t\t\t\t\t\t\t\t\t\t<span class=\"eael-divider-image\">\n\t\t\t\t\t\t\t\t\t\t\t\t\t\t\t\t\t\t\t<img decoding=\"async\" src=\"https:\/\/pruebaagenciamarketing.com\/inmobiliaria\/wp-content\/uploads\/2022\/09\/logo.png\" alt=\"\">\n\t\t\t\t\t\t\t\t\t\t\t\t\t\t\t\t\t<\/span>\n\t\t\t\t\t\t\t\t\t\t\t\t\t<\/span>\n\t\t\t\t\t\t\t\t\t\t\t\t\t<span class=\"divider-border-wrap divider-border-right\">\n\t\t\t\t\t\t\t\t<span class=\"divider-border\"><\/span>\n\t\t\t\t\t\t\t<\/span>\n\t\t\t\t\t\t\t\t\t\t\t<\/div>\n\t\t\t\t<\/div>\n\t\t\t\t\t<\/div>\n\t\t\t\t<\/div>\n\t\t\t\t<div class=\"elementor-element elementor-element-89472f6 animated-fast elementor-invisible elementor-widget elementor-widget-houzez_elementor_section_title\" data-id=\"89472f6\" data-element_type=\"widget\" data-e-type=\"widget\" data-settings=\"{&quot;_animation&quot;:&quot;fadeInUp&quot;,&quot;_animation_delay&quot;:500}\" data-widget_type=\"houzez_elementor_section_title.default\">\n\t\t\t\t<div class=\"elementor-widget-container\">\n\t\t\t\t\t            <div class=\"houzez_section_title_wrap section-title-module\">\n                                    <h2 class=\"houzez_section_title\">Asesoria inmobiliaria en Compra, Venta y Alquiler<\/h2>\n                \n                                    <p class=\"houzez_section_subtitle\">propiedades, locales, terrenos, campos, chacras y todo tipo de inmuebles que busques<\/p>\n                            <\/div>\n            \t\t\t\t<\/div>\n\t\t\t\t<\/div>\n\t\t\t\t\t<\/div>\n\t\t<\/div>\n\t\t\t\t\t<\/div>\n\t\t<\/section>\n\t\t\t\t<section data-particle_enable=\"false\" data-particle-mobile-disabled=\"false\" class=\"elementor-section elementor-top-section elementor-element elementor-element-a52b66d elementor-section-boxed elementor-section-height-default elementor-section-height-default\" data-id=\"a52b66d\" data-element_type=\"section\" data-e-type=\"section\">\n\t\t\t\t\t\t<div class=\"elementor-container elementor-column-gap-default\">\n\t\t\t\t\t<div class=\"elementor-column elementor-col-100 elementor-top-column elementor-element elementor-element-253fe68\" data-id=\"253fe68\" data-element_type=\"column\" data-e-type=\"column\">\n\t\t\t<div class=\"elementor-widget-wrap elementor-element-populated\">\n\t\t\t\t\t\t<div class=\"elementor-element elementor-element-79e383f elementor-button-align-stretch elementor-widget elementor-widget-houzez_elementor_search_builder\" data-id=\"79e383f\" data-element_type=\"widget\" data-e-type=\"widget\" data-widget_type=\"houzez_elementor_search_builder.default\">\n\t\t\t\t<div class=\"elementor-widget-container\">\n\t\t\t\t\t\n        <form class=\"houzez-search-form-js houzez-search-builder-form-js\" id=\"houzez-search-79e383f\" method=\"get\" action=\"https:\/\/pruebaagenciamarketing.com\/inmobiliaria\/resultados-buscar\/\" >\n\n            \n            <ul id=\"houzez-search-tabs-wrap\" class=\"houzez-status-tabs nav nav-pills\" role=\"tablist\" data-bs-toggle=\"buttons\">\n            \n                                <li class=\"nav-item\">\n                    <a class=\"nav-link active\" data-val=\"\" data-bs-toggle=\"pill\" href=\"#\" role=\"tab\" aria-bs-selected=\"true\">\n                        Todas                    <\/a>\n                <\/li>\n                \n                <li class=\"nav-item\">\n                                <a class=\"status-tab-js nav-link \" data-val=\"alquiler\" data-bs-toggle=\"pill\" href=\"#\" role=\"tab\" aria-bs-selected=\"true\">\n                                    Alquiler\n                                <\/a>\n                            <\/li><li class=\"nav-item\">\n                                <a class=\"status-tab-js nav-link \" data-val=\"venta\" data-bs-toggle=\"pill\" href=\"#\" role=\"tab\" aria-bs-selected=\"true\">\n                                    Venta\n                                <\/a>\n                            <\/li>                <input type=\"hidden\" name=\"status[]\" id=\"search-tabs\" value=\"\">\n            <\/ul>\n            \n            <div class=\"houzez-search-builder-wrapper\">\n\n                <div class=\"houzez-ele-search-form-wrapper elementor-form-fields-wrapper elementor-labels-above\">\n\n                                            <div class=\"elementor-field-group elementor-column form-group elementor-field-group-field-types elementor-col-20 elementor-sm-100\">\n                    <label for=\"form-field-field-types\" class=\"elementor-field-label\">Tipo de Propiedad<\/label>        <div class=\"elementor-field elementor-select-wrapper form-group\">\n            <select data-size=\"5\" name=\"type[]\" id=\"form-field-field-types\" class=\"selectpicker bs-select-hidden houzez-field-textual form-control elementor-size-sm \" data-none-results-text=\"No hay resultados {0}\">\n                <option value=\"\">Tipo de Propiedad<\/option><option data-ref=\"apartment\"   value=\"apartment\">Apartamentos<\/option><option data-ref=\"casa\"   value=\"casa\">Casas<\/option><option data-ref=\"campos\"   value=\"campos\">Campos<\/option><option data-ref=\"chacras\"   value=\"chacras\">Chacras<\/option><option data-ref=\"edificios\"   value=\"edificios\">Edificios<\/option><option data-ref=\"office\"   value=\"office\">Oficinas<\/option><option data-ref=\"terrenos\"   value=\"terrenos\">Terrenos<\/option>            <\/select>\n        <\/div>\n                            <\/div>\n                                <div class=\"elementor-field-group elementor-column form-group elementor-field-group-6b0017d elementor-col-20\">\n                    <label for=\"form-field-6b0017d\" class=\"elementor-field-label\">Zona<\/label>        <div class=\"elementor-field elementor-select-wrapper form-group\">\n            <select data-size=\"5\" name=\"location[]\" id=\"form-field-6b0017d\" class=\"selectpicker bs-select-hidden houzez-field-textual form-control elementor-size-sm houzezSelectFilter houzezCityFilter houzezThirdList houzez-city-js\" data-none-results-text=\"No hay resultados {0}\" data-target=\"houzezFourthList\">\n                <option value=\"\">Todas las Zonas<\/option><option data-ref=\"aguada\" data-belong=\"montevideo\" data-subtext=\"Montevideo\" value=\"aguada\">Aguada<\/option><option data-ref=\"atlantida\" data-belong=\"canelones\" data-subtext=\"Canelones\" value=\"atlantida\">Atl\u00e1ntida<\/option><option data-ref=\"buceo\" data-belong=\"montevideo\" data-subtext=\"Montevideo\" value=\"buceo\">Buceo<\/option><option data-ref=\"capurro\" data-belong=\"montevideo\" data-subtext=\"Montevideo\" value=\"capurro\">Capurro<\/option><option data-ref=\"centro\" data-belong=\"montevideo\" data-subtext=\"Montevideo\" value=\"centro\">Centro<\/option><option data-ref=\"cerrito\" data-belong=\"montevideo\" data-subtext=\"Montevideo\" value=\"cerrito\">Cerrito<\/option><option data-ref=\"ciudad-vieja\" data-belong=\"montevideo\" data-subtext=\"Montevideo\" value=\"ciudad-vieja\">Ciudad Vieja<\/option><option data-ref=\"cordon\" data-belong=\"\" data-subtext=\"\" value=\"cordon\">Cord\u00f3n<\/option><option data-ref=\"guazuvira\" data-belong=\"canelones\" data-subtext=\"Canelones\" value=\"guazuvira\">Guazuvir\u00e1<\/option><option data-ref=\"ituzaingo\" data-belong=\"montevideo\" data-subtext=\"Montevideo\" value=\"ituzaingo\">Ituzaing\u00f3<\/option><option data-ref=\"jardines-hipodromo\" data-belong=\"montevideo\" data-subtext=\"Montevideo\" value=\"jardines-hipodromo\">Jardines Hip\u00f3dromo<\/option><option data-ref=\"juanico\" data-belong=\"\" data-subtext=\"\" value=\"juanico\">Juanic\u00f3<\/option><option data-ref=\"la-blanqueada\" data-belong=\"\" data-subtext=\"\" value=\"la-blanqueada\">La Blanqueada<\/option><option data-ref=\"la-comercial\" data-belong=\"montevideo\" data-subtext=\"Montevideo\" value=\"la-comercial\">La Comercial<\/option><option data-ref=\"la-mansa\" data-belong=\"maldonado\" data-subtext=\"Maldonado\" value=\"la-mansa\">La Mansa<\/option><option data-ref=\"la-paz\" data-belong=\"canelones\" data-subtext=\"Canelones\" value=\"la-paz\">La Paz<\/option><option data-ref=\"lagomar\" data-belong=\"\" data-subtext=\"\" value=\"lagomar\">Lagomar<\/option><option data-ref=\"malvin\" data-belong=\"montevideo\" data-subtext=\"Montevideo\" value=\"malvin\">Malvin<\/option><option data-ref=\"manga\" data-belong=\"montevideo\" data-subtext=\"Montevideo\" value=\"manga\">Manga<\/option><option data-ref=\"neptunia\" data-belong=\"canelones\" data-subtext=\"Canelones\" value=\"neptunia\">Neptunia<\/option><option data-ref=\"palermo\" data-belong=\"montevideo\" data-subtext=\"Montevideo\" value=\"palermo\">Palermo<\/option><option data-ref=\"paso-de-la-duranas\" data-belong=\"montevideo\" data-subtext=\"Montevideo\" value=\"paso-de-la-duranas\">Paso de la Duranas<\/option><option data-ref=\"prado\" data-belong=\"montevideo\" data-subtext=\"Montevideo\" value=\"prado\">Prado<\/option><option data-ref=\"san-bautista\" data-belong=\"canelones\" data-subtext=\"Canelones\" value=\"san-bautista\">San Bautista<\/option><option data-ref=\"sauce\" data-belong=\"canelones\" data-subtext=\"Canelones\" value=\"sauce\">Sauce<\/option><option data-ref=\"suarez\" data-belong=\"canelones\" data-subtext=\"Canelones\" value=\"suarez\">Su\u00e1rez<\/option><option data-ref=\"toledo\" data-belong=\"canelones\" data-subtext=\"Canelones\" value=\"toledo\">Toledo<\/option><option data-ref=\"villa-espanola\" data-belong=\"montevideo\" data-subtext=\"Montevideo\" value=\"villa-espanola\">Villa Espa\u00f1ola<\/option>            <\/select>\n        <\/div>\n                            <\/div>\n                                <div class=\"elementor-field-group elementor-column form-group elementor-field-group-field-beds elementor-col-20 elementor-sm-100\">\n                    <label for=\"form-field-field-beds\" class=\"elementor-field-label\">Dormitorios<\/label>        <div class=\"elementor-field elementor-select-wrapper\">\n            <select data-size=\"5\" name=\"bedrooms\" id=\"form-field-field-beds\" class=\"selectpicker bs-select-hidden houzez-field-textual form-control elementor-size-sm\">\n                <option value=\"\">Seleccione<\/option><option value=\"1\">1<\/option><option value=\"2\">2<\/option><option value=\"3\">3<\/option><option value=\"4\">4<\/option><option value=\"5\">5<\/option><option value=\"6\">6<\/option><option value=\"7\">7<\/option><option value=\"8\">8<\/option><option value=\"9\">9<\/option><option value=\"10\">10<\/option><option value=\"any\">Cualquiera<\/option>            <\/select>\n        <\/div>\n                            <\/div>\n                                <div class=\"elementor-field-group elementor-column form-group elementor-field-group-field-max-price elementor-col-20 elementor-sm-100\">\n                    <label for=\"form-field-field-max-price\" class=\"elementor-field-label\">Presupuesto<\/label>        <div class=\"prices-for-all elementor-field elementor-select-wrapper\">\n            <select data-size=\"5\" name=\"max-price\" id=\"form-field-field-max-price\" class=\"selectpicker bs-select-hidden houzez-field-textual form-control elementor-size-sm\">\n                <option value=\"\">Precio M\u00e1x.<\/option><option value=\"any\">Cualquiera<\/option><option value=\"5000\">U$S5.000<\/option><option value=\"10000\">U$S10.000<\/option><option value=\"50000\">U$S50.000<\/option><option value=\"100000\">U$S100.000<\/option><option value=\"200000\">U$S200.000<\/option><option value=\"300000\">U$S300.000<\/option><option value=\"400000\">U$S400.000<\/option><option value=\"500000\">U$S500.000<\/option><option value=\"600000\">U$S600.000<\/option><option value=\"700000\">U$S700.000<\/option><option value=\"800000\">U$S800.000<\/option><option value=\"900000\">U$S900.000<\/option><option value=\"1000000\">U$S1.000.000<\/option><option value=\"1500000\">U$S1.500.000<\/option><option value=\"2000000\">U$S2.000.000<\/option><option value=\"2500000\">U$S2.500.000<\/option><option value=\"5000000\">U$S5.000.000<\/option><option value=\"10000000\">U$S10.000.000<\/option>\n            <\/select><!-- selectpicker -->\n        <\/div><!-- form-group -->\n\n        <div class=\"hide prices-only-for-rent elementor-field elementor-select-wrapper\">\n            <select data-size=\"5\" name=\"max-price\" id=\"form-field-field-max-price\" class=\"selectpicker bs-select-hidden houzez-field-textual form-control elementor-size-sm\">\n                <option value=\"\">Precio M\u00e1x.<\/option><option value=\"any\">Cualquiera<\/option><option value=\"1000\">U$S1.000<\/option><option value=\"2000\">U$S2.000<\/option><option value=\"3000\">U$S3.000<\/option><option value=\"4000\">U$S4.000<\/option><option value=\"5000\">U$S5.000<\/option><option value=\"7500\">U$S7.500<\/option><option value=\"10000\">U$S10.000<\/option><option value=\"15000\">U$S15.000<\/option><option value=\"20000\">U$S20.000<\/option><option value=\"25000\">U$S25.000<\/option><option value=\"30000\">U$S30.000<\/option><option value=\"40000\">U$S40.000<\/option><option value=\"50000\">U$S50.000<\/option><option value=\"75000\">U$S75.000<\/option><option value=\"100000\">U$S100.000<\/option><option value=\"150000\">U$S150.000<\/option>\n            <\/select><!-- selectpicker -->\n        <\/div><!-- form-group -->\n                            <\/div>\n                                    <div class=\"elementor-field-group elementor-column elementor-field-type-submit elementor-col-20\">\n                                <button type=\"submit\" class=\"houzez-search-button btn-primary elementor-button elementor-size-sm\">\n                                                                            Buscar                                                                    <\/button>\n                            <\/div>\n                            \n                <\/div><!-- End main wrapper-->\n\n                            <\/div> <!-- End houzez-search-builder-wrapper -->\n        <\/form>\n\n        \t\t\t\t<\/div>\n\t\t\t\t<\/div>\n\t\t\t\t\t<\/div>\n\t\t<\/div>\n\t\t\t\t\t<\/div>\n\t\t<\/section>\n\t\t\t\t<\/div>\n\t\t","protected":false},"excerpt":{"rendered":"<p>Asesoria inmobiliaria en Compra, Venta y Alquiler propiedades, locales, terrenos, campos, chacras y todo tipo de inmuebles que busques Todas Alquiler Venta Tipo de Propiedad Tipo de PropiedadApartamentosCamposCasasChacrasEdificiosOficinasTerrenos Zona Todas las ZonasAguadaAtl\u00e1ntidaBuceoCapurroCentroCerritoCiudad ViejaCord\u00f3nGuazuvir\u00e1Ituzaing\u00f3Jardines Hip\u00f3dromoJuanic\u00f3La BlanqueadaLa ComercialLa MansaLa PazLagomarMalvinMangaNeptuniaPalermoPaso de la DuranasPradoSan BautistaSauceSu\u00e1rezToledoVilla Espa\u00f1ola Dormitorios Seleccione12345678910Cualquiera Presupuesto Precio M\u00e1x.Alguna5.00010.00050.000100.000200.000300.000400.000500.000600.000700.000800.000900.0001.000.0001.500.0002.000.0002.500.0005.000.00010.000.000 Precio M\u00e1x.Alguna1.0002.0003.0004.0005.0007.50010.00015.00020.00025.00030.00040.00050.00075.000100.000150.000 Buscar<\/p>\n","protected":false},"author":1,"featured_media":0,"parent":0,"menu_order":0,"comment_status":"closed","ping_status":"closed","template":"template\/template-listing-grid-v1-fullwidth-3cols.php","meta":{"footnotes":""},"class_list":["post-35","page","type-page","status-publish","hentry"],"_links":{"self":[{"href":"https:\/\/pruebaagenciamarketing.com\/inmobiliaria\/wp-json\/wp\/v2\/pages\/35","targetHints":{"allow":["GET"]}}],"collection":[{"href":"https:\/\/pruebaagenciamarketing.com\/inmobiliaria\/wp-json\/wp\/v2\/pages"}],"about":[{"href":"https:\/\/pruebaagenciamarketing.com\/inmobiliaria\/wp-json\/wp\/v2\/types\/page"}],"author":[{"embeddable":true,"href":"https:\/\/pruebaagenciamarketing.com\/inmobiliaria\/wp-json\/wp\/v2\/users\/1"}],"replies":[{"embeddable":true,"href":"https:\/\/pruebaagenciamarketing.com\/inmobiliaria\/wp-json\/wp\/v2\/comments?post=35"}],"version-history":[{"count":57,"href":"https:\/\/pruebaagenciamarketing.com\/inmobiliaria\/wp-json\/wp\/v2\/pages\/35\/revisions"}],"predecessor-version":[{"id":19888,"href":"https:\/\/pruebaagenciamarketing.com\/inmobiliaria\/wp-json\/wp\/v2\/pages\/35\/revisions\/19888"}],"wp:attachment":[{"href":"https:\/\/pruebaagenciamarketing.com\/inmobiliaria\/wp-json\/wp\/v2\/media?parent=35"}],"curies":[{"name":"wp","href":"https:\/\/api.w.org\/{rel}","templated":true}]}}